{"id":116,"date":"2025-09-01T16:17:40","date_gmt":"2025-09-01T16:17:40","guid":{"rendered":"https:\/\/logisticaholdings.com\/?page_id=116"},"modified":"2026-02-11T17:00:41","modified_gmt":"2026-02-11T17:00:41","slug":"logistica-holdings","status":"publish","type":"page","link":"https:\/\/logisticaholdings.com\/","title":{"rendered":"Logistica Holdings"},"content":{"rendered":"\t\t<div data-elementor-type=\"wp-page\" data-elementor-id=\"116\" class=\"elementor elementor-116\">\n\t\t\t\t<div class=\"elementor-element elementor-element-2711b19 e-flex e-con-boxed e-con e-parent\" data-id=\"2711b19\" data-element_type=\"container\" data-settings=\"{&quot;background_background&quot;:&quot;classic&quot;}\">\n\t\t\t\t\t<div class=\"e-con-inner\">\n\t\t\t\t<div class=\"elementor-element elementor-element-a448556 elementor-fixed elementor-widget elementor-widget-image\" data-id=\"a448556\" data-element_type=\"widget\" data-settings=\"{&quot;_position&quot;:&quot;fixed&quot;}\" data-widget_type=\"image.default\">\n\t\t\t\t\t\t\t\t\t\t\t\t\t\t\t<img fetchpriority=\"high\" decoding=\"async\" width=\"800\" height=\"266\" src=\"https:\/\/logisticaholdings.com\/wp-content\/uploads\/2025\/09\/LOGISTICA-GROUP-1-1024x340.png\" class=\"attachment-large size-large wp-image-207\" alt=\"\" srcset=\"https:\/\/logisticaholdings.com\/wp-content\/uploads\/2025\/09\/LOGISTICA-GROUP-1-1024x340.png 1024w, https:\/\/logisticaholdings.com\/wp-content\/uploads\/2025\/09\/LOGISTICA-GROUP-1-300x100.png 300w, https:\/\/logisticaholdings.com\/wp-content\/uploads\/2025\/09\/LOGISTICA-GROUP-1-768x255.png 768w, https:\/\/logisticaholdings.com\/wp-content\/uploads\/2025\/09\/LOGISTICA-GROUP-1-1536x511.png 1536w, https:\/\/logisticaholdings.com\/wp-content\/uploads\/2025\/09\/LOGISTICA-GROUP-1-2048x681.png 2048w\" sizes=\"(max-width: 800px) 100vw, 800px\" \/>\t\t\t\t\t\t\t\t\t\t\t\t\t\t\t<\/div>\n\t\t\t\t\t<\/div>\n\t\t\t\t<\/div>\n\t\t<div class=\"elementor-element elementor-element-bdbd243 e-con-full e-flex e-con e-parent\" data-id=\"bdbd243\" data-element_type=\"container\" data-settings=\"{&quot;background_background&quot;:&quot;classic&quot;}\">\n\t\t<div class=\"elementor-element elementor-element-b3cc594 e-flex e-con-boxed e-con e-child\" data-id=\"b3cc594\" data-element_type=\"container\">\n\t\t\t\t\t<div class=\"e-con-inner\">\n\t\t\t\t<div class=\"elementor-element elementor-element-0d93727 elementor-widget elementor-widget-heading\" data-id=\"0d93727\" data-element_type=\"widget\" data-widget_type=\"heading.default\">\n\t\t\t\t\t<h2 class=\"elementor-heading-title elementor-size-default\">Logistica Holdings<\/h2>\t\t\t\t<\/div>\n\t\t\t\t<div class=\"elementor-element elementor-element-530f84e elementor-widget__width-initial elementor-widget elementor-widget-text-editor\" data-id=\"530f84e\" data-element_type=\"widget\" data-widget_type=\"text-editor.default\">\n\t\t\t\t\t\t\t\t\t<p>Unimos empresas l\u00edderes em engenharia, constru\u00e7\u00e3o, energia, tecnologia e telecomunica\u00e7\u00f5es para oferecer solu\u00e7\u00f5es integradas e de alto impacto.<\/p><p>Atrav\u00e9s das nossas marcas, transformamos projetos em resultados concretos, apoiando o crescimento e a efici\u00eancia de neg\u00f3cios em diferentes setores.<\/p>\t\t\t\t\t\t\t\t<\/div>\n\t\t<div class=\"elementor-element elementor-element-c2b95ed e-grid e-con-full e-con e-child\" data-id=\"c2b95ed\" data-element_type=\"container\">\n\t\t\t\t<div class=\"elementor-element elementor-element-a5acf1a elementor-widget elementor-widget-image\" data-id=\"a5acf1a\" data-element_type=\"widget\" data-widget_type=\"image.default\">\n\t\t\t\t\t\t\t\t\t\t\t\t\t\t\t\t<a href=\"https:\/\/logisticaangola.co.ao\/\" target=\"_blank\">\n\t\t\t\t\t\t\t<img decoding=\"async\" width=\"300\" height=\"94\" src=\"https:\/\/logisticaholdings.com\/wp-content\/uploads\/2026\/02\/LOGISTICA-LOGOTIPO.svg\" class=\"attachment-medium size-medium wp-image-235\" alt=\"\" \/>\t\t\t\t\t\t\t\t<\/a>\n\t\t\t\t\t\t\t\t\t\t\t\t\t\t\t<\/div>\n\t\t\t\t<div class=\"elementor-element elementor-element-64589de elementor-widget elementor-widget-image\" data-id=\"64589de\" data-element_type=\"widget\" data-widget_type=\"image.default\">\n\t\t\t\t\t\t\t\t\t\t\t\t\t\t\t\t<a href=\"https:\/\/logisticainfraprojects.ie\/\" target=\"_blank\">\n\t\t\t\t\t\t\t<img decoding=\"async\" width=\"300\" height=\"99\" src=\"https:\/\/logisticaholdings.com\/wp-content\/uploads\/2026\/02\/LOGISTICA-INFRAPROJECTS-1.svg\" class=\"attachment-medium size-medium wp-image-234\" alt=\"\" \/>\t\t\t\t\t\t\t\t<\/a>\n\t\t\t\t\t\t\t\t\t\t\t\t\t\t\t<\/div>\n\t\t\t\t<div class=\"elementor-element elementor-element-159fc13 elementor-widget elementor-widget-image\" data-id=\"159fc13\" data-element_type=\"widget\" data-widget_type=\"image.default\">\n\t\t\t\t\t\t\t\t\t\t\t\t\t\t\t\t<a href=\"https:\/\/tvstelecom.com\/\" target=\"_blank\">\n\t\t\t\t\t\t\t<img loading=\"lazy\" decoding=\"async\" width=\"800\" height=\"275\" src=\"https:\/\/logisticaholdings.com\/wp-content\/uploads\/2026\/02\/Sem-titulo-2-1.svg\" class=\"attachment-large size-large wp-image-233\" alt=\"\" \/>\t\t\t\t\t\t\t\t<\/a>\n\t\t\t\t\t\t\t\t\t\t\t\t\t\t\t<\/div>\n\t\t\t\t<\/div>\n\t\t\t\t\t<\/div>\n\t\t\t\t<\/div>\n\t\t\t\t<\/div>\n\t\t<div class=\"elementor-element elementor-element-e45eb9b e-flex e-con-boxed e-con e-parent\" data-id=\"e45eb9b\" data-element_type=\"container\" data-settings=\"{&quot;background_background&quot;:&quot;classic&quot;}\">\n\t\t\t\t\t<div class=\"e-con-inner\">\n\t\t<div class=\"elementor-element elementor-element-1b90270 e-con-full e-flex e-con e-child\" data-id=\"1b90270\" data-element_type=\"container\">\n\t\t\t\t<div class=\"elementor-element elementor-element-334d3b8 elementor-widget elementor-widget-text-editor\" data-id=\"334d3b8\" data-element_type=\"widget\" data-widget_type=\"text-editor.default\">\n\t\t\t\t\t\t\t\t\t<p>Tr\u00eas for\u00e7as. Um s\u00f3 compromisso: construir o amanh\u00e3.<\/p><p>Logistica Angola: Grandes obras, grandes solu\u00e7\u00f5es.<br \/>Logistica Infraprojects: Infraestruturas que desenvolvem cidades.<br \/>TVS Telecom: Conectividade e tecnologia sem fronteiras.<\/p><p>Juntos, criamos progresso, ligamos pessoas e transformamos realidades.<\/p><p>\u00a0<\/p>\t\t\t\t\t\t\t\t<\/div>\n\t\t\t\t<\/div>\n\t\t\t\t\t<\/div>\n\t\t\t\t<\/div>\n\t\t<div class=\"elementor-element elementor-element-184c7a5 e-flex e-con-boxed e-con e-parent\" data-id=\"184c7a5\" data-element_type=\"container\" data-settings=\"{&quot;background_background&quot;:&quot;classic&quot;}\">\n\t\t\t\t\t<div class=\"e-con-inner\">\n\t\t<div class=\"elementor-element elementor-element-9a0a369 e-con-full e-flex e-con e-child\" data-id=\"9a0a369\" data-element_type=\"container\">\n\t\t<div class=\"elementor-element elementor-element-d693530 e-con-full e-flex e-con e-child\" data-id=\"d693530\" data-element_type=\"container\">\n\t\t\t\t<div class=\"elementor-element elementor-element-f67396b elementor-widget elementor-widget-image\" data-id=\"f67396b\" data-element_type=\"widget\" data-widget_type=\"image.default\">\n\t\t\t\t\t\t\t\t\t\t\t\t\t\t\t<img loading=\"lazy\" decoding=\"async\" width=\"1280\" height=\"960\" src=\"https:\/\/logisticaholdings.com\/wp-content\/uploads\/2025\/09\/WhatsApp-Image-2024-10-05-at-09.53.17.jpeg\" class=\"attachment-1536x1536 size-1536x1536 wp-image-169\" alt=\"\" srcset=\"https:\/\/logisticaholdings.com\/wp-content\/uploads\/2025\/09\/WhatsApp-Image-2024-10-05-at-09.53.17.jpeg 1280w, https:\/\/logisticaholdings.com\/wp-content\/uploads\/2025\/09\/WhatsApp-Image-2024-10-05-at-09.53.17-300x225.jpeg 300w, https:\/\/logisticaholdings.com\/wp-content\/uploads\/2025\/09\/WhatsApp-Image-2024-10-05-at-09.53.17-1024x768.jpeg 1024w, https:\/\/logisticaholdings.com\/wp-content\/uploads\/2025\/09\/WhatsApp-Image-2024-10-05-at-09.53.17-768x576.jpeg 768w\" sizes=\"(max-width: 1280px) 100vw, 1280px\" \/>\t\t\t\t\t\t\t\t\t\t\t\t\t\t\t<\/div>\n\t\t\t\t<div class=\"elementor-element elementor-element-d8ef3cf elementor-widget elementor-widget-text-editor\" data-id=\"d8ef3cf\" data-element_type=\"widget\" data-widget_type=\"text-editor.default\">\n\t\t\t\t\t\t\t\t\t<p class=\"pf0\"><span class=\"cf0\"><em><strong>Logistica Angola<\/strong><\/em> \u00e9 uma empresa angolana de refer\u00eancia, especializada em engenharia, constru\u00e7\u00e3o, energia, tecnologia e solu\u00e7\u00f5es industriais.<\/span><\/p><p class=\"pf0\"><span class=\"cf0\">Com uma equipa multidisciplinar e tecnologia de ponta, executamos projetos em todo o territ\u00f3rio nacional, garantindo qualidade, seguran\u00e7a e rigor t\u00e9cnico em cada etapa.<\/span><\/p><p class=\"pf0\"><span class=\"cf0\">A nossa atua\u00e7\u00e3o abrange desde as grandes obras de infraestrutura at\u00e9 servi\u00e7os especializados, como:<\/span><\/p><p class=\"pf0\"><span class=\"cf0\">-Constru\u00e7\u00e3o e manuten\u00e7\u00e3o de postos de combust\u00edvel.<\/span><\/p><p class=\"pf0\"><span class=\"cf0\">-Calibra\u00e7\u00e3o e inspe\u00e7\u00e3o de tanques de combust\u00edvel.<\/span><\/p><p class=\"pf0\"><span class=\"cf0\">-Servi\u00e7os mar\u00edtimos, batimetria e topografia.<\/span><\/p><p class=\"pf0\"><span class=\"cf0\">-Instala\u00e7\u00e3o e integra\u00e7\u00e3o de sistemas tecnol\u00f3gicos.<\/span><\/p><p class=\"pf0\"><span class=\"cf0\">-Consultoria e fiscaliza\u00e7\u00e3o de projetos.<\/span><\/p><p><span class=\"cf0\">Somos o seu parceiro estrat\u00e9gico para transformar desafios em solu\u00e7\u00f5es concretas.<\/span><\/p><p><!--EndFragment --><\/p>\t\t\t\t\t\t\t\t<\/div>\n\t\t\t\t<div class=\"elementor-element elementor-element-f43b2de elementor-widget elementor-widget-button\" data-id=\"f43b2de\" data-element_type=\"widget\" data-widget_type=\"button.default\">\n\t\t\t\t\t\t\t\t\t\t<a class=\"elementor-button elementor-button-link elementor-size-sm\" href=\"https:\/\/logisticaangola.co.ao\/\" target=\"_blank\">\n\t\t\t\t\t\t<span class=\"elementor-button-content-wrapper\">\n\t\t\t\t\t\t\t\t\t<span class=\"elementor-button-text\">Logistica Angola, Lda<\/span>\n\t\t\t\t\t<\/span>\n\t\t\t\t\t<\/a>\n\t\t\t\t\t\t\t\t<\/div>\n\t\t\t\t<\/div>\n\t\t<div class=\"elementor-element elementor-element-c3c87be e-con-full e-flex e-con e-child\" data-id=\"c3c87be\" data-element_type=\"container\">\n\t\t\t\t<div class=\"elementor-element elementor-element-f9d0bde elementor-widget elementor-widget-image\" data-id=\"f9d0bde\" data-element_type=\"widget\" data-widget_type=\"image.default\">\n\t\t\t\t\t\t\t\t\t\t\t\t\t\t\t<img loading=\"lazy\" decoding=\"async\" width=\"1536\" height=\"1024\" src=\"https:\/\/logisticaholdings.com\/wp-content\/uploads\/2025\/09\/TMS_2024-03-1240-1536x1024.jpg\" class=\"attachment-1536x1536 size-1536x1536 wp-image-170\" alt=\"\" srcset=\"https:\/\/logisticaholdings.com\/wp-content\/uploads\/2025\/09\/TMS_2024-03-1240-1536x1024.jpg 1536w, https:\/\/logisticaholdings.com\/wp-content\/uploads\/2025\/09\/TMS_2024-03-1240-300x200.jpg 300w, https:\/\/logisticaholdings.com\/wp-content\/uploads\/2025\/09\/TMS_2024-03-1240-1024x683.jpg 1024w, https:\/\/logisticaholdings.com\/wp-content\/uploads\/2025\/09\/TMS_2024-03-1240-768x512.jpg 768w, https:\/\/logisticaholdings.com\/wp-content\/uploads\/2025\/09\/TMS_2024-03-1240-2048x1365.jpg 2048w\" sizes=\"(max-width: 1536px) 100vw, 1536px\" \/>\t\t\t\t\t\t\t\t\t\t\t\t\t\t\t<\/div>\n\t\t\t\t<div class=\"elementor-element elementor-element-48b1d78 elementor-widget elementor-widget-text-editor\" data-id=\"48b1d78\" data-element_type=\"widget\" data-widget_type=\"text-editor.default\">\n\t\t\t\t\t\t\t\t\t<p class=\"pf0\"><em><strong><span class=\"cf0\">Logistica <\/span><span class=\"cf0\">Infraprojects<\/span><\/strong><\/em><span class=\"cf0\"> \u00e9 a empresa do grupo dedicada ao desenvolvimento, gest\u00e3o e execu\u00e7\u00e3o de projetos de infraestruturas em grande escala.<\/span><\/p><p class=\"pf0\"><span class=\"cf0\">-Infraestruturas rodovi\u00e1rias e ferrovi\u00e1rias.<\/span><\/p><p class=\"pf0\"><span class=\"cf0\">-Obras portu\u00e1rias e mar\u00edtimas.<\/span><\/p><p class=\"pf0\"><span class=\"cf0\">-Projetos de urbaniza\u00e7\u00e3o e requalifica\u00e7\u00e3o.<\/span><\/p><p class=\"pf0\"><span class=\"cf0\">-Sistemas de abastecimento e redes t\u00e9cnicas especiais.<\/span><\/p><p class=\"pf0\"><span class=\"cf0\">A nossa abordagem privilegia solu\u00e7\u00f5es sustent\u00e1veis e de alto desempenho, garantindo o cumprimento de prazos e a otimiza\u00e7\u00e3o de recursos.<\/span><\/p><p class=\"pf0\"><span class=\"cf0\">Trabalhamos lado a lado com clientes p\u00fablicos e privados para criar infraestruturas que impulsionam o crescimento econ\u00f3mico e social de Angola e de outros mercados onde atuamos.<\/span><\/p><p><!--EndFragment --><\/p>\t\t\t\t\t\t\t\t<\/div>\n\t\t\t\t<div class=\"elementor-element elementor-element-1685b65 elementor-widget elementor-widget-button\" data-id=\"1685b65\" data-element_type=\"widget\" data-widget_type=\"button.default\">\n\t\t\t\t\t\t\t\t\t\t<a class=\"elementor-button elementor-button-link elementor-size-sm\" href=\"https:\/\/logisticainfraprojects.ie\/\" target=\"_blank\">\n\t\t\t\t\t\t<span class=\"elementor-button-content-wrapper\">\n\t\t\t\t\t\t\t\t\t<span class=\"elementor-button-text\">Logistica Infraprojects Limited<\/span>\n\t\t\t\t\t<\/span>\n\t\t\t\t\t<\/a>\n\t\t\t\t\t\t\t\t<\/div>\n\t\t\t\t<\/div>\n\t\t<div class=\"elementor-element elementor-element-d4c8341 e-con-full e-flex e-con e-child\" data-id=\"d4c8341\" data-element_type=\"container\">\n\t\t\t\t<div class=\"elementor-element elementor-element-d7bdb1b elementor-widget elementor-widget-image\" data-id=\"d7bdb1b\" data-element_type=\"widget\" data-widget_type=\"image.default\">\n\t\t\t\t\t\t\t\t\t\t\t\t\t\t\t<img loading=\"lazy\" decoding=\"async\" width=\"1536\" height=\"1447\" src=\"https:\/\/logisticaholdings.com\/wp-content\/uploads\/2025\/09\/aleksey-kuzmichev-f3ax9Rxgc70-unsplash-1536x1447.jpg\" class=\"attachment-1536x1536 size-1536x1536 wp-image-175\" alt=\"\" srcset=\"https:\/\/logisticaholdings.com\/wp-content\/uploads\/2025\/09\/aleksey-kuzmichev-f3ax9Rxgc70-unsplash-1536x1447.jpg 1536w, https:\/\/logisticaholdings.com\/wp-content\/uploads\/2025\/09\/aleksey-kuzmichev-f3ax9Rxgc70-unsplash-300x283.jpg 300w, https:\/\/logisticaholdings.com\/wp-content\/uploads\/2025\/09\/aleksey-kuzmichev-f3ax9Rxgc70-unsplash-1024x965.jpg 1024w, https:\/\/logisticaholdings.com\/wp-content\/uploads\/2025\/09\/aleksey-kuzmichev-f3ax9Rxgc70-unsplash-768x723.jpg 768w, https:\/\/logisticaholdings.com\/wp-content\/uploads\/2025\/09\/aleksey-kuzmichev-f3ax9Rxgc70-unsplash-2048x1929.jpg 2048w\" sizes=\"(max-width: 1536px) 100vw, 1536px\" \/>\t\t\t\t\t\t\t\t\t\t\t\t\t\t\t<\/div>\n\t\t\t\t<div class=\"elementor-element elementor-element-4b224cc elementor-widget elementor-widget-text-editor\" data-id=\"4b224cc\" data-element_type=\"widget\" data-widget_type=\"text-editor.default\">\n\t\t\t\t\t\t\t\t\t<p class=\"pf0\"><span class=\"cf0\">Na <em><strong>TVS Telecom<\/strong><\/em>, oferecemos solu\u00e7\u00f5es tecnol\u00f3gicas robustas e personalizadas que impulsionam a comunica\u00e7\u00e3o e a efici\u00eancia de empresas em diversos setores.<\/span><\/p><p class=\"pf0\"><span class=\"cf0\">Com uma equipa experiente e parcerias estrat\u00e9gicas, desenvolvemos e implementamos infraestruturas de telecomunica\u00e7\u00f5es e servi\u00e7os de TI que garantem conectividade segura, est\u00e1vel e escal\u00e1vel.<\/span><\/p><p class=\"pf0\"><span class=\"cf0\">-TICs e servi\u00e7os p\u00fablicos: redes fi\u00e1veis para opera\u00e7\u00f5es cr\u00edticas.<\/span><\/p><p class=\"pf0\"><span class=\"cf0\">-Telecom e <\/span><span class=\"cf0\">ISPs<\/span><span class=\"cf0\">: Conectividade s\u00f3lida e eficiente em todas as etapas da rede.<\/span><\/p><p class=\"pf0\"><span class=\"cf0\">-Ind\u00fastria e energia: comunica\u00e7\u00e3o e seguran\u00e7a em ambientes exigentes.<\/span><\/p><p class=\"pf0\"><span class=\"cf0\">-Infraestrutura tecnol\u00f3gica: cablagem, data centers, redes sem fios e monitoriza\u00e7\u00e3o.<\/span><\/p><p><span class=\"cf0\">Mais do que tecnologia, entregamos resultados concretos que ajudam empresas a crescer, inovar e manter-se competitivas.<\/span><\/p><p><!--EndFragment --><\/p>\t\t\t\t\t\t\t\t<\/div>\n\t\t\t\t<div class=\"elementor-element elementor-element-0b342ac elementor-widget elementor-widget-button\" data-id=\"0b342ac\" data-element_type=\"widget\" data-widget_type=\"button.default\">\n\t\t\t\t\t\t\t\t\t\t<a class=\"elementor-button elementor-button-link elementor-size-sm\" href=\"https:\/\/tvstelecom.com\/\" target=\"_blank\">\n\t\t\t\t\t\t<span class=\"elementor-button-content-wrapper\">\n\t\t\t\t\t\t\t\t\t<span class=\"elementor-button-text\">TVS Telecom<\/span>\n\t\t\t\t\t<\/span>\n\t\t\t\t\t<\/a>\n\t\t\t\t\t\t\t\t<\/div>\n\t\t\t\t<\/div>\n\t\t\t\t<\/div>\n\t\t\t\t\t<\/div>\n\t\t\t\t<\/div>\n\t\t<div class=\"elementor-element elementor-element-8d61eec e-flex e-con-boxed e-con e-parent\" data-id=\"8d61eec\" data-element_type=\"container\">\n\t\t\t\t\t<div class=\"e-con-inner\">\n\t\t<div class=\"elementor-element elementor-element-1e5afb9 e-con-full e-flex e-con e-child\" data-id=\"1e5afb9\" data-element_type=\"container\">\n\t\t\t\t<div class=\"elementor-element elementor-element-c2d8136 elementor-widget elementor-widget-heading\" data-id=\"c2d8136\" data-element_type=\"widget\" data-widget_type=\"heading.default\">\n\t\t\t\t\t<h2 class=\"elementor-heading-title elementor-size-default\">Contatos:<\/h2>\t\t\t\t<\/div>\n\t\t\t\t<div class=\"elementor-element elementor-element-9f9bd72 elementor-widget elementor-widget-text-editor\" data-id=\"9f9bd72\" data-element_type=\"widget\" data-widget_type=\"text-editor.default\">\n\t\t\t\t\t\t\t\t\t<p><em><strong>Telefone:<\/strong><\/em><\/p><p class=\"pf0\"><span class=\"cf0\">+244 927 458 693<\/span><\/p><p><em><strong>E-mail:<\/strong><\/em><\/p><p><!--StartFragment --><\/p><p class=\"pf0\"><span class=\"cf0\">info@logisticaangola.co.ao<\/span><\/p><p class=\"pf0\"><span style=\"font-size: 1rem;\">info@tvstelecom.com<\/span><\/p><p class=\"pf0\"><span class=\"cf0\">info@logisticainfraprojects.ie<\/span><\/p><p class=\"pf0\"><em><strong><span class=\"cf0\">Localiza\u00e7\u00f5es:<\/span><\/strong><\/em><\/p><p class=\"pf0\"><span class=\"cf0\">Angola \/Irlanda \/<\/span><\/p><p class=\"pf0\"><span class=\"cf0\">\u00c1frica Do Sul \/ Portugal<\/span><\/p><p><!--EndFragment --><\/p><p><!--EndFragment --><\/p>\t\t\t\t\t\t\t\t<\/div>\n\t\t\t\t<\/div>\n\t\t<div class=\"elementor-element elementor-element-baec985 e-con-full e-flex e-con e-child\" data-id=\"baec985\" data-element_type=\"container\">\n\t\t\t\t<div class=\"elementor-element elementor-element-0963b65 elementor-widget elementor-widget-heading\" data-id=\"0963b65\" data-element_type=\"widget\" data-widget_type=\"heading.default\">\n\t\t\t\t\t<h2 class=\"elementor-heading-title elementor-size-default\">Acompanhamos cada etapa do progresso na Ba\u00eda do Namibe<\/h2>\t\t\t\t<\/div>\n\t\t\t\t<div class=\"elementor-element elementor-element-4afb1d9 elementor-widget elementor-widget-video\" data-id=\"4afb1d9\" data-element_type=\"widget\" data-settings=\"{&quot;video_type&quot;:&quot;hosted&quot;,&quot;mute&quot;:&quot;yes&quot;,&quot;controls&quot;:&quot;yes&quot;}\" data-widget_type=\"video.default\">\n\t\t\t\t\t\t\t<div class=\"e-hosted-video elementor-wrapper elementor-open-inline\">\n\t\t\t\t\t<video class=\"elementor-video\" src=\"https:\/\/logisticaholdings.com\/wp-content\/uploads\/2025\/08\/Namibe_1.1.mp4\" controls=\"\" preload=\"metadata\" muted=\"muted\" controlsList=\"nodownload\"><\/video>\n\t\t\t\t<\/div>\n\t\t\t\t\t\t<\/div>\n\t\t\t\t<\/div>\n\t\t\t\t\t<\/div>\n\t\t\t\t<\/div>\n\t\t<div class=\"elementor-element elementor-element-13708fc e-flex e-con-boxed e-con e-parent\" data-id=\"13708fc\" data-element_type=\"container\">\n\t\t\t\t\t<div class=\"e-con-inner\">\n\t\t\t\t<div class=\"elementor-element elementor-element-42b770e elementor-widget elementor-widget-image\" data-id=\"42b770e\" data-element_type=\"widget\" data-widget_type=\"image.default\">\n\t\t\t\t\t\t\t\t\t\t\t\t\t\t\t<img loading=\"lazy\" decoding=\"async\" width=\"1589\" height=\"764\" src=\"https:\/\/logisticaholdings.com\/wp-content\/uploads\/2025\/09\/logistica-group.png\" class=\"attachment-full size-full wp-image-97\" alt=\"\" srcset=\"https:\/\/logisticaholdings.com\/wp-content\/uploads\/2025\/09\/logistica-group.png 1589w, https:\/\/logisticaholdings.com\/wp-content\/uploads\/2025\/09\/logistica-group-300x144.png 300w, https:\/\/logisticaholdings.com\/wp-content\/uploads\/2025\/09\/logistica-group-1024x492.png 1024w, https:\/\/logisticaholdings.com\/wp-content\/uploads\/2025\/09\/logistica-group-768x369.png 768w, https:\/\/logisticaholdings.com\/wp-content\/uploads\/2025\/09\/logistica-group-1536x739.png 1536w\" sizes=\"(max-width: 1589px) 100vw, 1589px\" \/>\t\t\t\t\t\t\t\t\t\t\t\t\t\t\t<\/div>\n\t\t\t\t\t<\/div>\n\t\t\t\t<\/div>\n\t\t\t\t<\/div>\n\t\t","protected":false},"excerpt":{"rendered":"<p>Logistica Holdings Unimos empresas l\u00edderes em engenharia, constru\u00e7\u00e3o, energia, tecnologia e telecomunica\u00e7\u00f5es para oferecer solu\u00e7\u00f5es integradas e de alto impacto. Atrav\u00e9s das nossas marcas, transformamos projetos em resultados concretos, apoiando o crescimento e a efici\u00eancia de neg\u00f3cios em diferentes setores. Tr\u00eas for\u00e7as. Um s\u00f3 compromisso: construir o amanh\u00e3. Logistica Angola: Grandes obras, grandes solu\u00e7\u00f5es.Logistica Infraprojects: [&hellip;]<\/p>\n","protected":false},"author":1,"featured_media":0,"parent":0,"menu_order":0,"comment_status":"closed","ping_status":"closed","template":"elementor_canvas","meta":{"footnotes":""},"class_list":["post-116","page","type-page","status-publish","hentry"],"_links":{"self":[{"href":"https:\/\/logisticaholdings.com\/index.php?rest_route=\/wp\/v2\/pages\/116","targetHints":{"allow":["GET"]}}],"collection":[{"href":"https:\/\/logisticaholdings.com\/index.php?rest_route=\/wp\/v2\/pages"}],"about":[{"href":"https:\/\/logisticaholdings.com\/index.php?rest_route=\/wp\/v2\/types\/page"}],"author":[{"embeddable":true,"href":"https:\/\/logisticaholdings.com\/index.php?rest_route=\/wp\/v2\/users\/1"}],"replies":[{"embeddable":true,"href":"https:\/\/logisticaholdings.com\/index.php?rest_route=%2Fwp%2Fv2%2Fcomments&post=116"}],"version-history":[{"count":75,"href":"https:\/\/logisticaholdings.com\/index.php?rest_route=\/wp\/v2\/pages\/116\/revisions"}],"predecessor-version":[{"id":238,"href":"https:\/\/logisticaholdings.com\/index.php?rest_route=\/wp\/v2\/pages\/116\/revisions\/238"}],"wp:attachment":[{"href":"https:\/\/logisticaholdings.com\/index.php?rest_route=%2Fwp%2Fv2%2Fmedia&parent=116"}],"curies":[{"name":"wp","href":"https:\/\/api.w.org\/{rel}","templated":true}]}}